{"id":147,"date":"2023-05-22T22:50:43","date_gmt":"2023-05-22T20:50:43","guid":{"rendered":"https:\/\/palyara.hu\/karrierkapu\/?page_id=147"},"modified":"2023-10-24T04:56:36","modified_gmt":"2023-10-24T02:56:36","slug":"pedagogiai-oktatasi-kozpont","status":"publish","type":"page","link":"https:\/\/palyara.hu\/karrierkapu\/pedagogiai-oktatasi-kozpont\/","title":{"rendered":"Oktat\u00e1si Hivatal Sz\u00e9kesfeh\u00e9rv\u00e1ri Pedag\u00f3giai Oktat\u00e1si K\u00f6zpont"},"content":{"rendered":"<p>&nbsp;<\/p>\n<p>Akkredit\u00e1lt t\u00e9r\u00edt\u00e9smentes 30 \u00f3r\u00e1s pedag\u00f3gus tov\u00e1bbk\u00e9pz\u00e9sek:<\/p>\n<p><strong>1<\/strong>.: <strong>A p\u00e1lyaorient\u00e1ci\u00f3s tev\u00e9kenys\u00e9g szerepe, feladatai<\/strong><\/p>\n<p><a href=\"https:\/\/pedakkred.oh.gov.hu\/pedakkred\/Catalogue\/CatalogueDetails.aspx?Id=8282\">https:\/\/pedakkred.oh.gov.hu\/pedakkred\/Catalogue\/CatalogueDetails.aspx?Id=8282<\/a><\/p>\n<p><strong>2.:\u00a0 P\u00e1lyaorient\u00e1ci\u00f3s m\u00f3dszertan \u2013 felk\u00e9sz\u00edt\u00e9s a p\u00e1lorient\u00e1ci\u00f3t t\u00e1mogat\u00f3 m\u00e9r\u0151eszk\u00f6z haszn\u00e1lat\u00e1ra, a tanul\u00f3i profil elemz\u00e9s\u00e9re <\/strong><\/p>\n<p><a href=\"https:\/\/pedakkred.oh.gov.hu\/pedakkred\/Catalogue\/CatalogueDetails.aspx?Id=7315\">https:\/\/pedakkred.oh.gov.hu\/pedakkred\/Catalogue\/CatalogueDetails.aspx?Id=7315<\/a><\/p>\n<p><strong>3.:<\/strong> <strong>Felk\u00e9sz\u00edt\u00e9s a p\u00e1lyaorient\u00e1ci\u00f3t t\u00e1mogat\u00f3 m\u00e9r\u0151eszk\u00f6z \/POM\/ haszn\u00e1lat\u00e1ra \u00e9s a k\u00f6znevel\u00e9sben t\u00f6rt\u00e9n\u0151 alkalmaz\u00e1s\u00e1ra <\/strong><\/p>\n<p><a href=\"https:\/\/pedakkred.oh.gov.hu\/pedakkred\/Catalogue\/CatalogueDetails.aspx?Id=7562\">https:\/\/pedakkred.oh.gov.hu\/pedakkred\/Catalogue\/CatalogueDetails.aspx?Id=7562<\/a>)<\/p>\n<p>&nbsp;<\/p>\n<table style=\"border-collapse: collapse; width: 100%;\">\n<tbody>\n<tr>\n<td style=\"width: 100%; background-color: #c5d9d2; text-align: center; vertical-align: middle;\"><strong><span style=\"font-size: 18pt;\">Kapcsolat<\/span><\/strong><\/p>\n<h5><span style=\"color: #000000; font-size: 14pt;\"><strong>Galambos Zsuzsanna<\/strong><\/span><br \/>\n<span style=\"font-size: 14pt;\">+36\/1\/477-3146<\/span><\/h5>\n<p><span style=\"font-size: 14pt;\">galambos.zsuzsanna@oh.gov.hu<\/span><\/td>\n<\/tr>\n<\/tbody>\n<\/table>\n<p><span style=\"color: #0000ff;\"><em>Szeretn\u00e9l \u00fczenetet k\u00fcldeni GALAMBOS ZSUZSANN\u00c1NAK k\u00f6zvetlen\u00fcl?<\/em><\/span><\/p>\n<p>A lenti \u0171rlapon megteheted!<\/p>\n<table class=\"wp-list-table widefat fixed striped table-view-list forms\">\n<tbody id=\"the-list\" data-wp-lists=\"list:form\">\n<tr>\n<td class=\"shortcode column-shortcode\" data-colname=\"Shortcode\"><div class=\"wpforms-container wpforms-container-full\" id=\"wpforms-113\"><form id=\"wpforms-form-113\" class=\"wpforms-validate wpforms-form wpforms-ajax-form\" data-formid=\"113\" method=\"post\" enctype=\"multipart\/form-data\" action=\"\/karrierkapu\/wp-json\/wp\/v2\/pages\/147\" data-token=\"90ccee7044f159eb2d38c459a53e9de1\"><noscript class=\"wpforms-error-noscript\">Please enable JavaScript in your browser to complete this form.<\/noscript><div class=\"wpforms-field-container\"><div id=\"wpforms-113-field_0-container\" class=\"wpforms-field wpforms-field-name\" data-field-id=\"0\"><label class=\"wpforms-field-label\" for=\"wpforms-113-field_0\">N\u00e9v <span class=\"wpforms-required-label\">*<\/span><\/label><input type=\"text\" id=\"wpforms-113-field_0\" class=\"wpforms-field-medium wpforms-field-required\" name=\"wpforms[fields][0]\" required><\/div><div id=\"wpforms-113-field_1-container\" class=\"wpforms-field wpforms-field-email\" data-field-id=\"1\"><label class=\"wpforms-field-label\" for=\"wpforms-113-field_1\">Email <span class=\"wpforms-required-label\">*<\/span><\/label><input type=\"email\" id=\"wpforms-113-field_1\" class=\"wpforms-field-medium wpforms-field-required\" name=\"wpforms[fields][1]\" spellcheck=\"false\" required><\/div><div id=\"wpforms-113-field_2-container\" class=\"wpforms-field wpforms-field-textarea\" data-field-id=\"2\"><label class=\"wpforms-field-label\" for=\"wpforms-113-field_2\">Email sz\u00f6vege<\/label><textarea id=\"wpforms-113-field_2\" class=\"wpforms-field-medium\" name=\"wpforms[fields][2]\" ><\/textarea><\/div><\/div><!-- .wpforms-field-container --><div class=\"wpforms-submit-container\" ><input type=\"hidden\" name=\"wpforms[id]\" value=\"113\"><input type=\"hidden\" name=\"wpforms[author]\" value=\"1\"><button type=\"submit\" name=\"wpforms[submit]\" id=\"wpforms-submit-113\" class=\"wpforms-submit\" data-alt-text=\"K\u00fcld\u00e9s folyamat...\" data-submit-text=\"Elk\u00fcld\u00e9s\" aria-live=\"assertive\" value=\"wpforms-submit\">Elk\u00fcld\u00e9s<\/button><img loading=\"lazy\" decoding=\"async\" src=\"https:\/\/palyara.hu\/karrierkapu\/wp-content\/plugins\/wpforms-lite\/assets\/images\/submit-spin.svg\" class=\"wpforms-submit-spinner\" style=\"display: none;\" width=\"26\" height=\"26\" alt=\"Loading\"><\/div><\/form><\/div>  <!-- .wpforms-container --><\/td>\n<\/tr>\n<\/tbody>\n<\/table>\n","protected":false},"excerpt":{"rendered":"<p>&nbsp; Akkredit\u00e1lt t\u00e9r\u00edt\u00e9smentes 30 \u00f3r\u00e1s pedag\u00f3gus tov\u00e1bbk\u00e9pz\u00e9sek: 1.: A p\u00e1lyaorient\u00e1ci\u00f3s tev\u00e9kenys\u00e9g szerepe, feladatai https:\/\/pedakkred.oh.gov.hu\/pedakkred\/Catalogue\/CatalogueDetails.aspx?Id=8282 2.:\u00a0 P\u00e1lyaorient\u00e1ci\u00f3s m\u00f3dszertan \u2013 felk\u00e9sz\u00edt\u00e9s a p\u00e1lorient\u00e1ci\u00f3t t\u00e1mogat\u00f3 m\u00e9r\u0151eszk\u00f6z haszn\u00e1lat\u00e1ra, a tanul\u00f3i profil elemz\u00e9s\u00e9re https:\/\/pedakkred.oh.gov.hu\/pedakkred\/Catalogue\/CatalogueDetails.aspx?Id=7315 3.: Felk\u00e9sz\u00edt\u00e9s a p\u00e1lyaorient\u00e1ci\u00f3t t\u00e1mogat\u00f3 m\u00e9r\u0151eszk\u00f6z \/POM\/ haszn\u00e1lat\u00e1ra \u00e9s a k\u00f6znevel\u00e9sben t\u00f6rt\u00e9n\u0151 alkalmaz\u00e1s\u00e1ra https:\/\/pedakkred.oh.gov.hu\/pedakkred\/Catalogue\/CatalogueDetails.aspx?Id=7562) &nbsp; Kapcsolat Galambos Zsuzsanna +36\/1\/477-3146 galambos.zsuzsanna@oh.gov.hu Szeretn\u00e9l \u00fczenetet k\u00fcldeni GALAMBOS ZSUZSANN\u00c1NAK k\u00f6zvetlen\u00fcl? [&hellip;]<\/p>\n","protected":false},"author":1,"featured_media":0,"parent":0,"menu_order":0,"comment_status":"closed","ping_status":"closed","template":"","meta":{"footnotes":""},"class_list":["post-147","page","type-page","status-publish","hentry"],"_links":{"self":[{"href":"https:\/\/palyara.hu\/karrierkapu\/wp-json\/wp\/v2\/pages\/147","targetHints":{"allow":["GET"]}}],"collection":[{"href":"https:\/\/palyara.hu\/karrierkapu\/wp-json\/wp\/v2\/pages"}],"about":[{"href":"https:\/\/palyara.hu\/karrierkapu\/wp-json\/wp\/v2\/types\/page"}],"author":[{"embeddable":true,"href":"https:\/\/palyara.hu\/karrierkapu\/wp-json\/wp\/v2\/users\/1"}],"replies":[{"embeddable":true,"href":"https:\/\/palyara.hu\/karrierkapu\/wp-json\/wp\/v2\/comments?post=147"}],"version-history":[{"count":6,"href":"https:\/\/palyara.hu\/karrierkapu\/wp-json\/wp\/v2\/pages\/147\/revisions"}],"predecessor-version":[{"id":833,"href":"https:\/\/palyara.hu\/karrierkapu\/wp-json\/wp\/v2\/pages\/147\/revisions\/833"}],"wp:attachment":[{"href":"https:\/\/palyara.hu\/karrierkapu\/wp-json\/wp\/v2\/media?parent=147"}],"curies":[{"name":"wp","href":"https:\/\/api.w.org\/{rel}","templated":true}]}}